{"id":240,"date":"2022-01-11T10:54:31","date_gmt":"2022-01-11T09:54:31","guid":{"rendered":"https:\/\/digitalagencyessentials.com\/my-account\/"},"modified":"2024-03-19T14:20:13","modified_gmt":"2024-03-19T13:20:13","slug":"my-account","status":"publish","type":"page","link":"https:\/\/digitalagencyessentials.com\/fr\/my-account\/","title":{"rendered":"Mon compte"},"content":{"rendered":"\t\t<div data-elementor-type=\"wp-page\" data-elementor-id=\"240\" class=\"elementor elementor-240\" data-elementor-post-type=\"page\">\n\t\t\t\t\t\t<section class=\"elementor-section elementor-top-section elementor-element elementor-element-6c5ac3c elementor-section-content-middle elementor-section-boxed elementor-section-height-default elementor-section-height-default\" data-id=\"6c5ac3c\" data-element_type=\"section\" data-settings=\"{&quot;background_background&quot;:&quot;classic&quot;}\">\n\t\t\t\t\t\t<div class=\"elementor-container elementor-column-gap-default\">\n\t\t\t\t\t<div class=\"elementor-column elementor-col-100 elementor-top-column elementor-element elementor-element-ca6b528\" data-id=\"ca6b528\" data-element_type=\"column\" data-settings=\"{&quot;motion_fx_motion_fx_scrolling&quot;:&quot;yes&quot;,&quot;motion_fx_translateY_effect&quot;:&quot;yes&quot;,&quot;motion_fx_translateY_speed&quot;:{&quot;unit&quot;:&quot;px&quot;,&quot;size&quot;:1,&quot;sizes&quot;:[]},&quot;motion_fx_translateY_affectedRange&quot;:{&quot;unit&quot;:&quot;%&quot;,&quot;size&quot;:&quot;&quot;,&quot;sizes&quot;:{&quot;start&quot;:39,&quot;end&quot;:64}},&quot;motion_fx_devices&quot;:[&quot;widescreen&quot;,&quot;desktop&quot;,&quot;laptop&quot;,&quot;tablet_extra&quot;,&quot;tablet&quot;,&quot;mobile_extra&quot;,&quot;mobile&quot;]}\">\n\t\t\t<div class=\"elementor-widget-wrap elementor-element-populated\">\n\t\t\t\t\t\t<section class=\"elementor-section elementor-inner-section elementor-element elementor-element-d4473ce elementor-section-content-middle elementor-section-boxed elementor-section-height-default elementor-section-height-default\" data-id=\"d4473ce\" data-element_type=\"section\">\n\t\t\t\t\t\t<div class=\"elementor-container elementor-column-gap-default\">\n\t\t\t\t\t<div class=\"elementor-column elementor-col-100 elementor-inner-column elementor-element elementor-element-5482849\" data-id=\"5482849\" data-element_type=\"column\">\n\t\t\t<div class=\"elementor-widget-wrap elementor-element-populated\">\n\t\t\t\t\t\t<div class=\"elementor-element elementor-element-a857325 elementor-widget__width-initial elementor-invisible elementor-widget elementor-widget-heading\" data-id=\"a857325\" data-element_type=\"widget\" data-settings=\"{&quot;_animation&quot;:&quot;fadeIn&quot;}\" data-widget_type=\"heading.default\">\n\t\t\t\t<div class=\"elementor-widget-container\">\n\t\t\t\t\t<h2 class=\"elementor-heading-title elementor-size-default\">My account<span style=\"color: #45CAA5;font-weight: bold;font-family: Arial, sans-serif\">.<\/span><\/h2>\t\t\t\t<\/div>\n\t\t\t\t<\/div>\n\t\t\t\t\t<\/div>\n\t\t<\/div>\n\t\t\t\t\t<\/div>\n\t\t<\/section>\n\t\t\t\t<section class=\"elementor-section elementor-inner-section elementor-element elementor-element-cac4206 elementor-section-content-middle elementor-section-boxed elementor-section-height-default elementor-section-height-default\" data-id=\"cac4206\" data-element_type=\"section\">\n\t\t\t\t\t\t<div class=\"elementor-container elementor-column-gap-default\">\n\t\t\t\t\t<div class=\"elementor-column elementor-col-100 elementor-inner-column elementor-element elementor-element-5c6e147\" data-id=\"5c6e147\" data-element_type=\"column\">\n\t\t\t<div class=\"elementor-widget-wrap elementor-element-populated\">\n\t\t\t\t\t\t<div class=\"elementor-element elementor-element-f7b0897 elementor-widget__width-inherit description stax-condition-yes stax-user_role_enabled-yes elementor-invisible elementor-widget elementor-widget-text-editor\" data-id=\"f7b0897\" data-element_type=\"widget\" data-settings=\"{&quot;_animation&quot;:&quot;fadeIn&quot;,&quot;_animation_delay&quot;:200}\" data-widget_type=\"text-editor.default\">\n\t\t\t\t<div class=\"elementor-widget-container\">\n\t\t\t\t\t\t\t\t\t<p>Don&#8217;t have an account?<\/p>\t\t\t\t\t\t\t\t<\/div>\n\t\t\t\t<\/div>\n\t\t\t\t<div class=\"elementor-element elementor-element-259ce36 elementor-align-left stax-condition-yes stax-user_role_enabled-yes elementor-mobile-align-justify elementor-widget elementor-widget-button\" data-id=\"259ce36\" data-element_type=\"widget\" data-widget_type=\"button.default\">\n\t\t\t\t<div class=\"elementor-widget-container\">\n\t\t\t\t\t\t\t\t\t<div class=\"elementor-button-wrapper\">\n\t\t\t\t\t<a class=\"elementor-button elementor-button-link elementor-size-sm\" href=\"\/contact\">\n\t\t\t\t\t\t<span class=\"elementor-button-content-wrapper\">\n\t\t\t\t\t\t<span class=\"elementor-button-icon\">\n\t\t\t\t<svg xmlns=\"http:\/\/www.w3.org\/2000\/svg\" width=\"32\" height=\"32\" viewBox=\"0 0 32 32\" fill=\"none\"><circle cx=\"16\" cy=\"16\" r=\"16\" transform=\"rotate(-90 16 16)\" fill=\"white\"><\/circle><path d=\"M19.66 16.4596C19.9139 16.2058 19.9139 15.7942 19.66 15.5404L15.5234 11.4038C15.2696 11.15 14.858 11.15 14.6042 11.4038C14.3504 11.6576 14.3504 12.0692 14.6042 12.323L18.2812 16L14.6042 19.677C14.3504 19.9308 14.3504 20.3424 14.6042 20.5962C14.858 20.85 15.2696 20.85 15.5234 20.5962L19.66 16.4596ZM18.4004 16.65L19.2004 16.65L19.2004 15.35L18.4004 15.35L18.4004 16.65Z\" fill=\"#040433\"><\/path><\/svg>\t\t\t<\/span>\n\t\t\t\t\t\t\t\t\t<span class=\"elementor-button-text\">Partner with us<\/span>\n\t\t\t\t\t<\/span>\n\t\t\t\t\t<\/a>\n\t\t\t\t<\/div>\n\t\t\t\t\t\t\t\t<\/div>\n\t\t\t\t<\/div>\n\t\t\t\t\t<\/div>\n\t\t<\/div>\n\t\t\t\t\t<\/div>\n\t\t<\/section>\n\t\t\t\t\t<\/div>\n\t\t<\/div>\n\t\t\t\t\t<\/div>\n\t\t<\/section>\n\t\t\t\t<section class=\"elementor-section elementor-top-section elementor-element elementor-element-30da425 elementor-section-full_width elementor-section-height-default elementor-section-height-default\" data-id=\"30da425\" data-element_type=\"section\" data-settings=\"{&quot;background_background&quot;:&quot;classic&quot;}\">\n\t\t\t\t\t\t<div class=\"elementor-container elementor-column-gap-default\">\n\t\t\t\t\t<div class=\"elementor-column elementor-col-100 elementor-top-column elementor-element elementor-element-e39389d\" data-id=\"e39389d\" data-element_type=\"column\">\n\t\t\t<div class=\"elementor-widget-wrap elementor-element-populated\">\n\t\t\t\t\t\t<section class=\"elementor-section elementor-inner-section elementor-element elementor-element-e48d786 elementor-section-full_width elementor-section-height-default elementor-section-height-default\" data-id=\"e48d786\" data-element_type=\"section\" data-settings=\"{&quot;background_background&quot;:&quot;classic&quot;}\">\n\t\t\t\t\t\t<div class=\"elementor-container elementor-column-gap-default\">\n\t\t\t\t\t<div class=\"elementor-column elementor-col-100 elementor-inner-column elementor-element elementor-element-08b5e61\" data-id=\"08b5e61\" data-element_type=\"column\">\n\t\t\t<div class=\"elementor-widget-wrap elementor-element-populated\">\n\t\t\t\t\t\t<div class=\"elementor-element elementor-element-5d5ec16 e-my-account-tabs-vertical elementor-widget elementor-widget-woocommerce-my-account\" data-id=\"5d5ec16\" data-element_type=\"widget\" data-widget_type=\"woocommerce-my-account.default\">\n\t\t\t\t<div class=\"elementor-widget-container\">\n\t\t\t\t\t<div class=\"e-my-account-tab e-my-account-tab__ \">\t\t\t<div class=\"woocommerce\"><\/div>\t\t<\/div>\n\t\t\t\t\t\t<\/div>\n\t\t\t\t<\/div>\n\t\t\t\t\t<\/div>\n\t\t<\/div>\n\t\t\t\t\t<\/div>\n\t\t<\/section>\n\t\t\t\t\t<\/div>\n\t\t<\/div>\n\t\t\t\t\t<\/div>\n\t\t<\/section>\n\t\t\t\t<\/div>\n\t\t","protected":false},"excerpt":{"rendered":"<p>Mon compte. Vous n'avez pas de compte ? Tableau de bord Commandes Adresses M\u00e9thodes de paiement D\u00e9tails du compte D\u00e9connexion Bonjour Susan Forrest (vous n'\u00eates pas Susan Forrest ? D\u00e9connectez-vous) Depuis le tableau de bord de votre compte, vous pouvez consulter vos commandes r\u00e9centes, g\u00e9rer votre adresse de facturation et modifier votre mot de passe et les d\u00e9tails de votre compte. Passer une nouvelle commande Passer au niveau Premium<\/p>","protected":false},"author":1,"featured_media":0,"parent":0,"menu_order":12,"comment_status":"closed","ping_status":"closed","template":"","meta":{"inline_featured_image":false,"footnotes":""},"class_list":["post-240","page","type-page","status-publish","hentry"],"yoast_head":"<!-- This site is optimized with the Yoast SEO plugin v27.3 - https:\/\/yoast.com\/product\/yoast-seo-wordpress\/ -->\n<title>My account - Agency Essentials<\/title>\n<meta name=\"robots\" content=\"index, follow, max-snippet:-1, max-image-preview:large, max-video-preview:-1\" \/>\n<link rel=\"canonical\" href=\"https:\/\/digitalagencyessentials.com\/fr\/my-account\/\" \/>\n<meta property=\"og:locale\" content=\"fr_FR\" \/>\n<meta property=\"og:type\" content=\"article\" \/>\n<meta property=\"og:title\" content=\"My account - Agency Essentials\" \/>\n<meta property=\"og:description\" content=\"My account. Don&#8217;t have an account? Dashboard Orders Addresses Payment methods Account Details Logout Hello Susan Forrest (not Susan Forrest? Log out) From your account dashboard you can view your recent orders, manage your billing address, and edit your password and account details. Place a new order Upgrade to Premium Tier\" \/>\n<meta property=\"og:url\" content=\"https:\/\/digitalagencyessentials.com\/fr\/my-account\/\" \/>\n<meta property=\"og:site_name\" content=\"Agency Essentials\" \/>\n<meta property=\"article:modified_time\" content=\"2024-03-19T13:20:13+00:00\" \/>\n<meta name=\"twitter:card\" content=\"summary_large_image\" \/>\n<meta name=\"twitter:label1\" content=\"Dur\u00e9e de lecture estim\u00e9e\" \/>\n\t<meta name=\"twitter:data1\" content=\"2 minutes\" \/>\n<script type=\"application\/ld+json\" class=\"yoast-schema-graph\">{\"@context\":\"https:\\\/\\\/schema.org\",\"@graph\":[{\"@type\":\"WebPage\",\"@id\":\"https:\\\/\\\/digitalagencyessentials.com\\\/fr\\\/my-account\\\/\",\"url\":\"https:\\\/\\\/digitalagencyessentials.com\\\/fr\\\/my-account\\\/\",\"name\":\"My account - Agency Essentials\",\"isPartOf\":{\"@id\":\"https:\\\/\\\/digitalagencyessentials.com\\\/#website\"},\"datePublished\":\"2022-01-11T09:54:31+00:00\",\"dateModified\":\"2024-03-19T13:20:13+00:00\",\"breadcrumb\":{\"@id\":\"https:\\\/\\\/digitalagencyessentials.com\\\/fr\\\/my-account\\\/#breadcrumb\"},\"inLanguage\":\"fr-FR\",\"potentialAction\":[{\"@type\":\"ReadAction\",\"target\":[\"https:\\\/\\\/digitalagencyessentials.com\\\/fr\\\/my-account\\\/\"]}]},{\"@type\":\"BreadcrumbList\",\"@id\":\"https:\\\/\\\/digitalagencyessentials.com\\\/fr\\\/my-account\\\/#breadcrumb\",\"itemListElement\":[{\"@type\":\"ListItem\",\"position\":1,\"name\":\"Home\",\"item\":\"https:\\\/\\\/digitalagencyessentials.com\\\/\"},{\"@type\":\"ListItem\",\"position\":2,\"name\":\"My account\"}]},{\"@type\":\"WebSite\",\"@id\":\"https:\\\/\\\/digitalagencyessentials.com\\\/#website\",\"url\":\"https:\\\/\\\/digitalagencyessentials.com\\\/\",\"name\":\"Agency Essentials\",\"description\":\"\",\"publisher\":{\"@id\":\"https:\\\/\\\/digitalagencyessentials.com\\\/#organization\"},\"potentialAction\":[{\"@type\":\"SearchAction\",\"target\":{\"@type\":\"EntryPoint\",\"urlTemplate\":\"https:\\\/\\\/digitalagencyessentials.com\\\/?s={search_term_string}\"},\"query-input\":{\"@type\":\"PropertyValueSpecification\",\"valueRequired\":true,\"valueName\":\"search_term_string\"}}],\"inLanguage\":\"fr-FR\"},{\"@type\":\"Organization\",\"@id\":\"https:\\\/\\\/digitalagencyessentials.com\\\/#organization\",\"name\":\"Agency Essentials\",\"url\":\"https:\\\/\\\/digitalagencyessentials.com\\\/\",\"logo\":{\"@type\":\"ImageObject\",\"inLanguage\":\"fr-FR\",\"@id\":\"https:\\\/\\\/digitalagencyessentials.com\\\/#\\\/schema\\\/logo\\\/image\\\/\",\"url\":\"https:\\\/\\\/digitalagencyessentials.com\\\/wp-content\\\/uploads\\\/2021\\\/10\\\/logo-agency-essentials.png\",\"contentUrl\":\"https:\\\/\\\/digitalagencyessentials.com\\\/wp-content\\\/uploads\\\/2021\\\/10\\\/logo-agency-essentials.png\",\"width\":10872,\"height\":2696,\"caption\":\"Agency Essentials\"},\"image\":{\"@id\":\"https:\\\/\\\/digitalagencyessentials.com\\\/#\\\/schema\\\/logo\\\/image\\\/\"}}]}<\/script>\n<!-- \/ Yoast SEO plugin. -->","yoast_head_json":{"title":"My account - Agency Essentials","robots":{"index":"index","follow":"follow","max-snippet":"max-snippet:-1","max-image-preview":"max-image-preview:large","max-video-preview":"max-video-preview:-1"},"canonical":"https:\/\/digitalagencyessentials.com\/fr\/my-account\/","og_locale":"fr_FR","og_type":"article","og_title":"My account - Agency Essentials","og_description":"My account. Don&#8217;t have an account? Dashboard Orders Addresses Payment methods Account Details Logout Hello Susan Forrest (not Susan Forrest? Log out) From your account dashboard you can view your recent orders, manage your billing address, and edit your password and account details. Place a new order Upgrade to Premium Tier","og_url":"https:\/\/digitalagencyessentials.com\/fr\/my-account\/","og_site_name":"Agency Essentials","article_modified_time":"2024-03-19T13:20:13+00:00","twitter_card":"summary_large_image","twitter_misc":{"Dur\u00e9e de lecture estim\u00e9e":"2 minutes"},"schema":{"@context":"https:\/\/schema.org","@graph":[{"@type":"WebPage","@id":"https:\/\/digitalagencyessentials.com\/fr\/my-account\/","url":"https:\/\/digitalagencyessentials.com\/fr\/my-account\/","name":"My account - Agency Essentials","isPartOf":{"@id":"https:\/\/digitalagencyessentials.com\/#website"},"datePublished":"2022-01-11T09:54:31+00:00","dateModified":"2024-03-19T13:20:13+00:00","breadcrumb":{"@id":"https:\/\/digitalagencyessentials.com\/fr\/my-account\/#breadcrumb"},"inLanguage":"fr-FR","potentialAction":[{"@type":"ReadAction","target":["https:\/\/digitalagencyessentials.com\/fr\/my-account\/"]}]},{"@type":"BreadcrumbList","@id":"https:\/\/digitalagencyessentials.com\/fr\/my-account\/#breadcrumb","itemListElement":[{"@type":"ListItem","position":1,"name":"Home","item":"https:\/\/digitalagencyessentials.com\/"},{"@type":"ListItem","position":2,"name":"My account"}]},{"@type":"WebSite","@id":"https:\/\/digitalagencyessentials.com\/#website","url":"https:\/\/digitalagencyessentials.com\/","name":"L'essentiel pour l'agence","description":"","publisher":{"@id":"https:\/\/digitalagencyessentials.com\/#organization"},"potentialAction":[{"@type":"SearchAction","target":{"@type":"EntryPoint","urlTemplate":"https:\/\/digitalagencyessentials.com\/?s={search_term_string}"},"query-input":{"@type":"PropertyValueSpecification","valueRequired":true,"valueName":"search_term_string"}}],"inLanguage":"fr-FR"},{"@type":"Organization","@id":"https:\/\/digitalagencyessentials.com\/#organization","name":"L'essentiel pour l'agence","url":"https:\/\/digitalagencyessentials.com\/","logo":{"@type":"ImageObject","inLanguage":"fr-FR","@id":"https:\/\/digitalagencyessentials.com\/#\/schema\/logo\/image\/","url":"https:\/\/digitalagencyessentials.com\/wp-content\/uploads\/2021\/10\/logo-agency-essentials.png","contentUrl":"https:\/\/digitalagencyessentials.com\/wp-content\/uploads\/2021\/10\/logo-agency-essentials.png","width":10872,"height":2696,"caption":"Agency Essentials"},"image":{"@id":"https:\/\/digitalagencyessentials.com\/#\/schema\/logo\/image\/"}}]}},"jetpack_sharing_enabled":true,"_links":{"self":[{"href":"https:\/\/digitalagencyessentials.com\/fr\/wp-json\/wp\/v2\/pages\/240","targetHints":{"allow":["GET"]}}],"collection":[{"href":"https:\/\/digitalagencyessentials.com\/fr\/wp-json\/wp\/v2\/pages"}],"about":[{"href":"https:\/\/digitalagencyessentials.com\/fr\/wp-json\/wp\/v2\/types\/page"}],"author":[{"embeddable":true,"href":"https:\/\/digitalagencyessentials.com\/fr\/wp-json\/wp\/v2\/users\/1"}],"replies":[{"embeddable":true,"href":"https:\/\/digitalagencyessentials.com\/fr\/wp-json\/wp\/v2\/comments?post=240"}],"version-history":[{"count":0,"href":"https:\/\/digitalagencyessentials.com\/fr\/wp-json\/wp\/v2\/pages\/240\/revisions"}],"wp:attachment":[{"href":"https:\/\/digitalagencyessentials.com\/fr\/wp-json\/wp\/v2\/media?parent=240"}],"curies":[{"name":"wp","href":"https:\/\/api.w.org\/{rel}","templated":true}]}}